{"id":20,"date":"2015-07-29T13:44:44","date_gmt":"2015-07-29T13:44:44","guid":{"rendered":"https:\/\/optimus.qsandbox.com:3443\/app_user\/qsu6361\/site\/prajwol-colormag-newspaper.sites.qsandbox.com\/?page_id=4"},"modified":"2023-03-10T09:36:06","modified_gmt":"2023-03-10T09:36:06","slug":"home","status":"publish","type":"page","link":"https:\/\/greyhound-quimper.com\/","title":{"rendered":"Home"},"content":{"rendered":"\n<div class=\"mzb-section mzb-section-31613fae\"><div class=\"mzb-container\"><div class=\"mzb-section-inner\">\n<div class=\"mzb-column mzb-column-1cef2df8\"><div class=\"mzb-column-inner\"><\/div><\/div>\n<\/div><\/div><\/div>\n\n\n\n<div class=\"mzb-section mzb-section-39f6ab7e\"><div class=\"mzb-container\"><div class=\"mzb-section-inner\">\n<div class=\"mzb-column mzb-column-f3e97af9\"><div class=\"mzb-column-inner\">\n<div class=\"mzb-section mzb-section-175fa2ac\"><div class=\"mzb-container\"><div class=\"mzb-section-inner\">\n<div class=\"mzb-column mzb-column-e6d4588f\"><div class=\"mzb-column-inner\">\n\n\n<figure class=\"wp-block-gallery has-nested-images columns-default is-cropped wp-block-gallery-1 is-layout-flex wp-block-gallery-is-layout-flex\">\n<figure class=\"wp-block-image size-full is-style-rounded\"><img loading=\"lazy\" decoding=\"async\" width=\"600\" height=\"577\" data-id=\"519\" src=\"https:\/\/greyhound-quimper.com\/wp-content\/uploads\/2023\/03\/greyhound_quimper_magasin_6.jpg\" alt=\"\" class=\"wp-image-519\" srcset=\"https:\/\/greyhound-quimper.com\/wp-content\/uploads\/2023\/03\/greyhound_quimper_magasin_6.jpg 600w, https:\/\/greyhound-quimper.com\/wp-content\/uploads\/2023\/03\/greyhound_quimper_magasin_6-300x289.jpg 300w\" sizes=\"auto, (max-width: 600px) 100vw, 600px\" \/><figcaption class=\"wp-element-caption\">Venez d\u00e9couvrir notre magasin pour gentlewomen et gentlemen, les plus beaux produits originaux (Barbour. Red Wing. Stetson. Tonton et Fils . Hero Seven. Baracuta . Danner. Edwin. Gottmann. Farah. Fred Perry, \u2026) dans un cadre vintage et atypique, vous y trouverez un univers autour de l\u2019inimitable Steve Mc Queen par exemple. N\u2019h\u00e9sitez pas \u00e0 nous rendre visite pour trouver la perle rare et l\u2019essayer dans un cadre cosy et accueillant.<\/figcaption><\/figure>\n<\/figure>\n<\/div><\/div>\n\n\n\n<div class=\"mzb-column mzb-column-86299f7b\"><div class=\"mzb-column-inner\">\n\n\n<figure class=\"wp-block-image aligncenter size-full is-resized is-style-rounded\"><img loading=\"lazy\" decoding=\"async\" src=\"https:\/\/greyhound-quimper.com\/wp-content\/uploads\/2023\/03\/steve_mc_queen_600x600.jpg\" alt=\"Chez Greyhound vous trouverez tous les v\u00eatements originaux port\u00e9s et sublim\u00e9s par Steve Mc Queenn , le must de l'\u00e9l\u00e9gance a retrouver d'urgence\" class=\"wp-image-532\" width=\"275\" height=\"365\" srcset=\"https:\/\/greyhound-quimper.com\/wp-content\/uploads\/2023\/03\/steve_mc_queen_600x600.jpg 453w, https:\/\/greyhound-quimper.com\/wp-content\/uploads\/2023\/03\/steve_mc_queen_600x600-227x300.jpg 227w\" sizes=\"auto, (max-width: 275px) 100vw, 275px\" \/><figcaption class=\"wp-element-caption\">Chez Greyhound vous trouverez tous les v\u00eatements originaux port\u00e9s et sublim\u00e9 par Steve Mc Queen , le must de l&rsquo;\u00e9l\u00e9gance a retrouver d&rsquo;urgence <\/figcaption><\/figure>\n<\/div><\/div>\n<\/div><\/div><\/div>\n\n\n\n<figure class=\"wp-block-image aligncenter size-large is-resized is-style-rounded\"><img loading=\"lazy\" decoding=\"async\" src=\"https:\/\/greyhound-quimper.com\/wp-content\/uploads\/2023\/03\/magasin-13-1024x576.jpg\" alt=\"Un tr\u00e8s large choix de produits de qualit\u00e9\" class=\"wp-image-601\" width=\"810\" height=\"455\" srcset=\"https:\/\/greyhound-quimper.com\/wp-content\/uploads\/2023\/03\/magasin-13-1024x576.jpg 1024w, https:\/\/greyhound-quimper.com\/wp-content\/uploads\/2023\/03\/magasin-13-300x169.jpg 300w, https:\/\/greyhound-quimper.com\/wp-content\/uploads\/2023\/03\/magasin-13-768x432.jpg 768w, https:\/\/greyhound-quimper.com\/wp-content\/uploads\/2023\/03\/magasin-13-1536x864.jpg 1536w, https:\/\/greyhound-quimper.com\/wp-content\/uploads\/2023\/03\/magasin-13-600x338.jpg 600w, https:\/\/greyhound-quimper.com\/wp-content\/uploads\/2023\/03\/magasin-13.jpg 2048w\" sizes=\"auto, (max-width: 810px) 100vw, 810px\" \/><figcaption class=\"wp-element-caption\">Un tr\u00e8s large choix de produits de qualit\u00e9<\/figcaption><\/figure>\n\n\n\n<div class=\"wp-block-columns is-layout-flex wp-container-core-columns-is-layout-28f84493 wp-block-columns-is-layout-flex\">\n<div class=\"wp-block-column is-layout-flow wp-block-column-is-layout-flow\">\n<figure class=\"wp-block-image size-large is-style-rounded\"><img loading=\"lazy\" decoding=\"async\" width=\"1024\" height=\"576\" src=\"https:\/\/greyhound-quimper.com\/wp-content\/uploads\/2023\/03\/magasin-14-1024x576.jpg\" alt=\"Grand choix de chaussures , bottines\" class=\"wp-image-610\" srcset=\"https:\/\/greyhound-quimper.com\/wp-content\/uploads\/2023\/03\/magasin-14-1024x576.jpg 1024w, https:\/\/greyhound-quimper.com\/wp-content\/uploads\/2023\/03\/magasin-14-300x169.jpg 300w, https:\/\/greyhound-quimper.com\/wp-content\/uploads\/2023\/03\/magasin-14-768x432.jpg 768w, https:\/\/greyhound-quimper.com\/wp-content\/uploads\/2023\/03\/magasin-14-1536x864.jpg 1536w, https:\/\/greyhound-quimper.com\/wp-content\/uploads\/2023\/03\/magasin-14-600x338.jpg 600w, https:\/\/greyhound-quimper.com\/wp-content\/uploads\/2023\/03\/magasin-14.jpg 2048w\" sizes=\"auto, (max-width: 1024px) 100vw, 1024px\" \/><figcaption class=\"wp-element-caption\">Grand choix de chaussures , bottines <\/figcaption><\/figure>\n<\/div>\n\n\n\n<div class=\"wp-block-column is-layout-flow wp-block-column-is-layout-flow\">\n<figure class=\"wp-block-image size-large is-style-rounded\"><img loading=\"lazy\" decoding=\"async\" width=\"1024\" height=\"576\" src=\"https:\/\/greyhound-quimper.com\/wp-content\/uploads\/2023\/03\/magasin-9-1-1024x576.jpg\" alt=\"Superbe choix de T-Shirt Polo sac de voyage vintage cuir et tissus\" class=\"wp-image-606\" srcset=\"https:\/\/greyhound-quimper.com\/wp-content\/uploads\/2023\/03\/magasin-9-1-1024x576.jpg 1024w, https:\/\/greyhound-quimper.com\/wp-content\/uploads\/2023\/03\/magasin-9-1-300x169.jpg 300w, https:\/\/greyhound-quimper.com\/wp-content\/uploads\/2023\/03\/magasin-9-1-768x432.jpg 768w, https:\/\/greyhound-quimper.com\/wp-content\/uploads\/2023\/03\/magasin-9-1-1536x864.jpg 1536w, https:\/\/greyhound-quimper.com\/wp-content\/uploads\/2023\/03\/magasin-9-1-600x338.jpg 600w, https:\/\/greyhound-quimper.com\/wp-content\/uploads\/2023\/03\/magasin-9-1.jpg 2048w\" sizes=\"auto, (max-width: 1024px) 100vw, 1024px\" \/><figcaption class=\"wp-element-caption\">Superbe choix de T-Shirt Polo sac de voyage vintage cuir et tissus<\/figcaption><\/figure>\n<\/div>\n<\/div>\n\n\n\n\n\n<div class=\"wp-block-columns is-layout-flex wp-container-core-columns-is-layout-28f84493 wp-block-columns-is-layout-flex\">\n<div class=\"wp-block-column is-layout-flow wp-block-column-is-layout-flow\">\n<figure class=\"wp-block-image size-large is-style-rounded\"><img loading=\"lazy\" decoding=\"async\" width=\"576\" height=\"1024\" src=\"https:\/\/greyhound-quimper.com\/wp-content\/uploads\/2023\/03\/magasin-22-576x1024.jpg\" alt=\"Les femmes sont aussi a l'honneur chez Greyhound, manteau veste polo t-shirt sac a main chemise blouson coupe vent parka jean chapeau...\" class=\"wp-image-613\" srcset=\"https:\/\/greyhound-quimper.com\/wp-content\/uploads\/2023\/03\/magasin-22-576x1024.jpg 576w, https:\/\/greyhound-quimper.com\/wp-content\/uploads\/2023\/03\/magasin-22-169x300.jpg 169w, https:\/\/greyhound-quimper.com\/wp-content\/uploads\/2023\/03\/magasin-22-768x1365.jpg 768w, https:\/\/greyhound-quimper.com\/wp-content\/uploads\/2023\/03\/magasin-22-864x1536.jpg 864w, https:\/\/greyhound-quimper.com\/wp-content\/uploads\/2023\/03\/magasin-22-600x1067.jpg 600w, https:\/\/greyhound-quimper.com\/wp-content\/uploads\/2023\/03\/magasin-22.jpg 1152w\" sizes=\"auto, (max-width: 576px) 100vw, 576px\" \/><figcaption class=\"wp-element-caption\">Les femmes sont aussi a l&rsquo;honneur chez Greyhound, manteau veste polo t-shirt sac a main chemise blouson coupe vent parka jean chapeau&#8230;<\/figcaption><\/figure>\n<\/div>\n\n\n\n<div class=\"wp-block-column is-layout-flow wp-block-column-is-layout-flow\">\n<figure class=\"wp-block-image size-large is-style-rounded\"><img loading=\"lazy\" decoding=\"async\" width=\"576\" height=\"1024\" src=\"https:\/\/greyhound-quimper.com\/wp-content\/uploads\/2023\/03\/magasin-25-576x1024.jpg\" alt=\"\" class=\"wp-image-614\" srcset=\"https:\/\/greyhound-quimper.com\/wp-content\/uploads\/2023\/03\/magasin-25-576x1024.jpg 576w, https:\/\/greyhound-quimper.com\/wp-content\/uploads\/2023\/03\/magasin-25-169x300.jpg 169w, https:\/\/greyhound-quimper.com\/wp-content\/uploads\/2023\/03\/magasin-25-768x1365.jpg 768w, https:\/\/greyhound-quimper.com\/wp-content\/uploads\/2023\/03\/magasin-25-864x1536.jpg 864w, https:\/\/greyhound-quimper.com\/wp-content\/uploads\/2023\/03\/magasin-25-600x1067.jpg 600w, https:\/\/greyhound-quimper.com\/wp-content\/uploads\/2023\/03\/magasin-25.jpg 1152w\" sizes=\"auto, (max-width: 576px) 100vw, 576px\" \/><figcaption class=\"wp-element-caption\">Barbour femme, une coupe inimitable et tr\u00e8s recherch\u00e9e<\/figcaption><\/figure>\n<\/div>\n\n\n\n<div class=\"wp-block-column is-layout-flow wp-block-column-is-layout-flow\">\n<figure class=\"wp-block-image size-large is-style-rounded\"><img loading=\"lazy\" decoding=\"async\" width=\"576\" height=\"1024\" src=\"https:\/\/greyhound-quimper.com\/wp-content\/uploads\/2023\/03\/magasin-21-576x1024.jpg\" alt=\"\" class=\"wp-image-615\" srcset=\"https:\/\/greyhound-quimper.com\/wp-content\/uploads\/2023\/03\/magasin-21-576x1024.jpg 576w, https:\/\/greyhound-quimper.com\/wp-content\/uploads\/2023\/03\/magasin-21-169x300.jpg 169w, https:\/\/greyhound-quimper.com\/wp-content\/uploads\/2023\/03\/magasin-21-768x1365.jpg 768w, https:\/\/greyhound-quimper.com\/wp-content\/uploads\/2023\/03\/magasin-21-864x1536.jpg 864w, https:\/\/greyhound-quimper.com\/wp-content\/uploads\/2023\/03\/magasin-21-600x1067.jpg 600w, https:\/\/greyhound-quimper.com\/wp-content\/uploads\/2023\/03\/magasin-21.jpg 1152w\" sizes=\"auto, (max-width: 576px) 100vw, 576px\" \/><figcaption class=\"wp-element-caption\">Gilets, veste, chaussures, sacs, un large choix de qualit\u00e9<\/figcaption><\/figure>\n<\/div>\n<\/div>\n\n\n\n<div class=\"wp-block-columns is-layout-flex wp-container-core-columns-is-layout-28f84493 wp-block-columns-is-layout-flex\">\n<div class=\"wp-block-column is-layout-flow wp-block-column-is-layout-flow\"><\/div>\n\n\n\n<div class=\"wp-block-column is-layout-flow wp-block-column-is-layout-flow\"><\/div>\n<\/div>\n\n\n\n<div class=\"mzb-section mzb-section-02735b1a\"><div class=\"mzb-container\"><div class=\"mzb-section-inner\">\n<div class=\"mzb-column mzb-column-5457c344\"><div class=\"mzb-column-inner\"><\/div><\/div>\n\n\n\n<div class=\"mzb-column mzb-column-4d30db19\"><div class=\"mzb-column-inner\"><\/div><\/div>\n<\/div><\/div><\/div>\n<\/div><\/div>\n\n\n\n<div class=\"mzb-column mzb-column-13b8ceb5\"><div class=\"mzb-column-inner\">\n<h2 class=\"has-luminous-vivid-orange-color has-text-color wp-block-heading\" style=\"font-size:24px;font-style:normal;font-weight:700\">Nos univers<\/h2>\n\n\n\n<div class=\"wp-block-group is-layout-constrained wp-block-group-is-layout-constrained\">\n<div class=\"mzb-advertisement mzb-advertisement-03896bd1\"><div class=\"mzb-advertisement-content\"><div class=\"mzb-advertisement-250x250\"><a href=\"https:\/\/greyhound-quimper.com\/index.php\/decouvrez-notre-univers-chaussures-et-bottines\/\"><img loading=\"lazy\" decoding=\"async\" width=\"150\" height=\"150\" class=\"wp-image-552\" src=\"https:\/\/greyhound-quimper.com\/wp-content\/uploads\/2023\/03\/univers_chaussures_150.jpg\" alt=\"\" srcset=\"https:\/\/greyhound-quimper.com\/wp-content\/uploads\/2023\/03\/univers_chaussures_150.jpg 150w, https:\/\/greyhound-quimper.com\/wp-content\/uploads\/2023\/03\/univers_chaussures_150-100x100.jpg 100w\" sizes=\"auto, (max-width: 150px) 100vw, 150px\" \/><\/a><\/div><\/div><\/div>\n<\/div>\n\n\n\n<p><\/p>\n\n\n\n<div class=\"mzb-advertisement mzb-advertisement-944cff9c\"><div class=\"mzb-advertisement-content\"><div class=\"mzb-advertisement-728x90\"><a href=\"https:\/\/greyhound-quimper.com\/index.php\/decouvrez-notre-univers-jean-fabrication-traditionnelle-artisanale-2\/\"><img loading=\"lazy\" decoding=\"async\" class=\"wp-image-577\" src=\"https:\/\/greyhound-quimper.com\/wp-content\/uploads\/2023\/03\/Univers_homme.jpg\" alt=\"Baracuta habille l'homme \u00e9l\u00e9gant univers homme Greyhound Quimper\" height=\"540\" width=\"492\" srcset=\"https:\/\/greyhound-quimper.com\/wp-content\/uploads\/2023\/03\/Univers_homme.jpg 492w, https:\/\/greyhound-quimper.com\/wp-content\/uploads\/2023\/03\/Univers_homme-273x300.jpg 273w\" sizes=\"auto, (max-width: 492px) 100vw, 492px\" \/><\/a><\/div><\/div><\/div>\n\n\n\n<p><\/p>\n\n\n\n<div class=\"mzb-advertisement mzb-advertisement-1da31f48\"><div class=\"mzb-advertisement-content\"><div class=\"mzb-advertisement-728x90\"><a href=\"https:\/\/greyhound-quimper.com\/index.php\/decouvrez-notre-univers-vetement-pour-gentlemen\/\"><img loading=\"lazy\" decoding=\"async\" width=\"325\" height=\"318\" class=\"wp-image-585\" src=\"https:\/\/greyhound-quimper.com\/wp-content\/uploads\/2023\/03\/Univers_chapeau_casquettes.jpg\" alt=\"\" srcset=\"https:\/\/greyhound-quimper.com\/wp-content\/uploads\/2023\/03\/Univers_chapeau_casquettes.jpg 325w, https:\/\/greyhound-quimper.com\/wp-content\/uploads\/2023\/03\/Univers_chapeau_casquettes-300x294.jpg 300w\" sizes=\"auto, (max-width: 325px) 100vw, 325px\" \/><\/a><\/div><\/div><\/div>\n\n\n\n<p><\/p>\n\n\n\n<div class=\"wp-block-group is-layout-constrained wp-block-group-is-layout-constrained\">\n<div class=\"wp-block-group is-layout-constrained wp-block-group-is-layout-constrained\">\n<div class=\"mzb-advertisement mzb-advertisement-1acb3443\"><div class=\"mzb-advertisement-content\"><div class=\"mzb-advertisement-728x90\"><a href=\"https:\/\/greyhound-quimper.com\/index.php\/decouvrez-notre-univers-jean-fabrication-traditionnelle-artisanale\/\"><img loading=\"lazy\" decoding=\"async\" width=\"225\" height=\"225\" class=\"wp-image-572\" src=\"https:\/\/greyhound-quimper.com\/wp-content\/uploads\/2023\/03\/univers_jean_edwin_japon.jpg\" alt=\"\" srcset=\"https:\/\/greyhound-quimper.com\/wp-content\/uploads\/2023\/03\/univers_jean_edwin_japon.jpg 225w, https:\/\/greyhound-quimper.com\/wp-content\/uploads\/2023\/03\/univers_jean_edwin_japon-150x150.jpg 150w, https:\/\/greyhound-quimper.com\/wp-content\/uploads\/2023\/03\/univers_jean_edwin_japon-100x100.jpg 100w\" sizes=\"auto, (max-width: 225px) 100vw, 225px\" \/><\/a><\/div><\/div><\/div>\n<\/div>\n<\/div>\n\n\n\n<div class=\"mzb-advertisement mzb-advertisement-23c7d6fa\"><div class=\"mzb-advertisement-content\"><div class=\"mzb-advertisement-250x250\"><a href=\"https:\/\/greyhound-quimper.com\/index.php\/decouvrez-notre-univers-vetements-pour-gentlewomen\/\"><img loading=\"lazy\" decoding=\"async\" width=\"150\" height=\"225\" class=\"wp-image-564\" src=\"https:\/\/greyhound-quimper.com\/wp-content\/uploads\/2023\/03\/univers_femme.jpg\" alt=\"\"\/><\/a><\/div><\/div><\/div>\n\n\n\n<p><\/p>\n\n\n\n<div class=\"mzb-advertisement mzb-advertisement-e33e82a5\"><div class=\"mzb-advertisement-content\"><div class=\"mzb-advertisement-728x90\"><a href=\"https:\/\/greyhound-quimper.com\/index.php\/decouvrez-notre-univers-sac-de-voyage-sac-a-main-sacoches-pochettes\/\"><img loading=\"lazy\" decoding=\"async\" width=\"225\" height=\"225\" class=\"wp-image-594\" src=\"https:\/\/greyhound-quimper.com\/wp-content\/uploads\/2023\/03\/univers_sac.jpg\" alt=\"\" srcset=\"https:\/\/greyhound-quimper.com\/wp-content\/uploads\/2023\/03\/univers_sac.jpg 225w, https:\/\/greyhound-quimper.com\/wp-content\/uploads\/2023\/03\/univers_sac-150x150.jpg 150w, https:\/\/greyhound-quimper.com\/wp-content\/uploads\/2023\/03\/univers_sac-100x100.jpg 100w\" sizes=\"auto, (max-width: 225px) 100vw, 225px\" \/><\/a><\/div><\/div><\/div>\n\n\n<\/div><\/div>\n<\/div><\/div><\/div>\n","protected":false},"excerpt":{"rendered":"","protected":false},"author":1,"featured_media":0,"parent":0,"menu_order":0,"comment_status":"open","ping_status":"open","template":"page-templates\/page-builder.php","meta":{"colormag_page_container_layout":"no_sidebar_full_width","colormag_page_sidebar_layout":"no_sidebar","om_disable_all_campaigns":false,"_monsterinsights_skip_tracking":false,"_monsterinsights_sitenote_active":false,"_monsterinsights_sitenote_note":"","_monsterinsights_sitenote_category":0,"footnotes":""},"class_list":["post-20","page","type-page","status-publish","hentry"],"aioseo_notices":[],"magazineBlocksPostFeaturedMedia":{"thumbnail":false,"medium":false,"medium_large":false,"large":false,"1536x1536":false,"2048x2048":false,"colormag-highlighted-post":false,"colormag-featured-post-medium":false,"colormag-featured-post-small":false,"colormag-featured-image":false,"colormag-default-news":false,"colormag-featured-image-large":false,"woocommerce_thumbnail":false,"woocommerce_single":false,"woocommerce_gallery_thumbnail":false},"magazineBlocksPostAuthor":{"name":"greyhoundquimper@yahoo.fr","avatar":"https:\/\/secure.gravatar.com\/avatar\/d622edbab094c158b8166d1256b6e9c9370ba4efdda9644a53f352095a10899a?s=96&d=mm&r=g"},"magazineBlocksPostCommentsNumber":"0","magazineBlocksPostExcerpt":"","magazineBlocksPostCategories":[],"magazineBlocksPostViewCount":0,"magazineBlocksPostReadTime":1,"_links":{"self":[{"href":"https:\/\/greyhound-quimper.com\/index.php\/wp-json\/wp\/v2\/pages\/20","targetHints":{"allow":["GET"]}}],"collection":[{"href":"https:\/\/greyhound-quimper.com\/index.php\/wp-json\/wp\/v2\/pages"}],"about":[{"href":"https:\/\/greyhound-quimper.com\/index.php\/wp-json\/wp\/v2\/types\/page"}],"author":[{"embeddable":true,"href":"https:\/\/greyhound-quimper.com\/index.php\/wp-json\/wp\/v2\/users\/1"}],"replies":[{"embeddable":true,"href":"https:\/\/greyhound-quimper.com\/index.php\/wp-json\/wp\/v2\/comments?post=20"}],"version-history":[{"count":40,"href":"https:\/\/greyhound-quimper.com\/index.php\/wp-json\/wp\/v2\/pages\/20\/revisions"}],"predecessor-version":[{"id":630,"href":"https:\/\/greyhound-quimper.com\/index.php\/wp-json\/wp\/v2\/pages\/20\/revisions\/630"}],"wp:attachment":[{"href":"https:\/\/greyhound-quimper.com\/index.php\/wp-json\/wp\/v2\/media?parent=20"}],"curies":[{"name":"wp","href":"https:\/\/api.w.org\/{rel}","templated":true}]}}