{"id":587,"date":"2023-03-09T16:21:47","date_gmt":"2023-03-09T16:21:47","guid":{"rendered":"https:\/\/greyhound-quimper.com\/?page_id=587"},"modified":"2023-03-09T16:21:48","modified_gmt":"2023-03-09T16:21:48","slug":"decouvrez-notre-univers-vetement-pour-gentlemen","status":"publish","type":"page","link":"https:\/\/greyhound-quimper.com\/index.php\/decouvrez-notre-univers-vetement-pour-gentlemen\/","title":{"rendered":"D\u00e9couvrez notre univers V\u00eatement pour gentlemen"},"content":{"rendered":"\n<figure class=\"wp-block-image aligncenter size-full is-resized\"><img decoding=\"async\" src=\"https:\/\/greyhound-quimper.com\/wp-content\/uploads\/2023\/03\/Univers_chapeau_casquettes.jpg\" alt=\"Large choix de chapeau casquettes ber\u00eats stetson et autres marques anglaise, am\u00e9ricaine cubaine et fran\u00e7aise\" class=\"wp-image-585\" height=\"224\" srcset=\"https:\/\/greyhound-quimper.com\/wp-content\/uploads\/2023\/03\/Univers_chapeau_casquettes.jpg 325w, https:\/\/greyhound-quimper.com\/wp-content\/uploads\/2023\/03\/Univers_chapeau_casquettes-300x294.jpg 300w\" sizes=\"(max-width: 325px) 100vw, 325px\" \/><figcaption class=\"wp-element-caption\">Large choix de chapeau casquettes ber\u00eats stetson et autres marques anglaise, am\u00e9ricaine cubaine et fran\u00e7aise<\/figcaption><\/figure>\n","protected":false},"excerpt":{"rendered":"","protected":false},"author":1,"featured_media":0,"parent":0,"menu_order":0,"comment_status":"closed","ping_status":"closed","template":"","meta":{"colormag_page_container_layout":"default_layout","colormag_page_sidebar_layout":"default_layout","om_disable_all_campaigns":false,"_monsterinsights_skip_tracking":false,"_monsterinsights_sitenote_active":false,"_monsterinsights_sitenote_note":"","_monsterinsights_sitenote_category":0,"footnotes":""},"class_list":["post-587","page","type-page","status-publish","hentry"],"aioseo_notices":[],"magazineBlocksPostFeaturedMedia":{"thumbnail":false,"medium":false,"medium_large":false,"large":false,"1536x1536":false,"2048x2048":false,"colormag-highlighted-post":false,"colormag-featured-post-medium":false,"colormag-featured-post-small":false,"colormag-featured-image":false,"colormag-default-news":false,"colormag-featured-image-large":false,"woocommerce_thumbnail":false,"woocommerce_single":false,"woocommerce_gallery_thumbnail":false},"magazineBlocksPostAuthor":{"name":"greyhoundquimper@yahoo.fr","avatar":"https:\/\/secure.gravatar.com\/avatar\/d622edbab094c158b8166d1256b6e9c9370ba4efdda9644a53f352095a10899a?s=96&d=mm&r=g"},"magazineBlocksPostCommentsNumber":false,"magazineBlocksPostExcerpt":"","magazineBlocksPostCategories":[],"magazineBlocksPostViewCount":0,"magazineBlocksPostReadTime":1,"_links":{"self":[{"href":"https:\/\/greyhound-quimper.com\/index.php\/wp-json\/wp\/v2\/pages\/587","targetHints":{"allow":["GET"]}}],"collection":[{"href":"https:\/\/greyhound-quimper.com\/index.php\/wp-json\/wp\/v2\/pages"}],"about":[{"href":"https:\/\/greyhound-quimper.com\/index.php\/wp-json\/wp\/v2\/types\/page"}],"author":[{"embeddable":true,"href":"https:\/\/greyhound-quimper.com\/index.php\/wp-json\/wp\/v2\/users\/1"}],"replies":[{"embeddable":true,"href":"https:\/\/greyhound-quimper.com\/index.php\/wp-json\/wp\/v2\/comments?post=587"}],"version-history":[{"count":1,"href":"https:\/\/greyhound-quimper.com\/index.php\/wp-json\/wp\/v2\/pages\/587\/revisions"}],"predecessor-version":[{"id":588,"href":"https:\/\/greyhound-quimper.com\/index.php\/wp-json\/wp\/v2\/pages\/587\/revisions\/588"}],"wp:attachment":[{"href":"https:\/\/greyhound-quimper.com\/index.php\/wp-json\/wp\/v2\/media?parent=587"}],"curies":[{"name":"wp","href":"https:\/\/api.w.org\/{rel}","templated":true}]}}